{"id":694,"date":"2021-10-22T12:00:56","date_gmt":"2021-10-22T12:00:56","guid":{"rendered":"http:\/\/augenarzt-kilchberg.ch\/?page_id=694"},"modified":"2021-10-28T07:28:00","modified_gmt":"2021-10-28T07:28:00","slug":"myopie","status":"publish","type":"page","link":"https:\/\/augenarzt-kilchberg.ch\/?page_id=694","title":{"rendered":"MYOPIE"},"content":{"rendered":"\t\t<div data-elementor-type=\"wp-page\" data-elementor-id=\"694\" class=\"elementor elementor-694\" data-elementor-settings=\"[]\">\n\t\t\t\t\t\t\t<div class=\"elementor-section-wrap\">\n\t\t\t\t\t\t\t<section class=\"elementor-section elementor-top-section elementor-element elementor-element-e040bbe elementor-section-full_width elementor-section-height-default elementor-section-height-default\" data-id=\"e040bbe\" data-element_type=\"section\">\n\t\t\t\t\t\t<div class=\"elementor-container elementor-column-gap-default\">\n\t\t\t\t\t<div class=\"elementor-column elementor-col-100 elementor-top-column elementor-element elementor-element-f824e3a\" data-id=\"f824e3a\" data-element_type=\"column\">\n\t\t\t<div class=\"elementor-widget-wrap elementor-element-populated\">\n\t\t\t\t\t\t\t\t<div class=\"elementor-element elementor-element-828e993 elementor-fixed elementor-widget elementor-widget-image\" data-id=\"828e993\" data-element_type=\"widget\" data-settings=\"{&quot;_position&quot;:&quot;fixed&quot;}\" data-widget_type=\"image.default\">\n\t\t\t\t<div class=\"elementor-widget-container\">\n\t\t\t\t\t\t\t\t\t\t\t\t\t\t\t<img width=\"2560\" height=\"1307\" src=\"https:\/\/augenarzt-kilchberg.ch\/wp-content\/uploads\/2021\/10\/Myopie@2x-scaled.jpg\" class=\"attachment-full size-full\" alt=\"\" loading=\"lazy\" srcset=\"https:\/\/augenarzt-kilchberg.ch\/wp-content\/uploads\/2021\/10\/Myopie@2x-scaled.jpg 2560w, https:\/\/augenarzt-kilchberg.ch\/wp-content\/uploads\/2021\/10\/Myopie@2x-300x153.jpg 300w, https:\/\/augenarzt-kilchberg.ch\/wp-content\/uploads\/2021\/10\/Myopie@2x-1024x523.jpg 1024w, https:\/\/augenarzt-kilchberg.ch\/wp-content\/uploads\/2021\/10\/Myopie@2x-768x392.jpg 768w, https:\/\/augenarzt-kilchberg.ch\/wp-content\/uploads\/2021\/10\/Myopie@2x-1536x784.jpg 1536w, https:\/\/augenarzt-kilchberg.ch\/wp-content\/uploads\/2021\/10\/Myopie@2x-2048x1045.jpg 2048w\" sizes=\"(max-width: 2560px) 100vw, 2560px\" \/>\t\t\t\t\t\t\t\t\t\t\t\t\t\t\t<\/div>\n\t\t\t\t<\/div>\n\t\t\t\t\t<\/div>\n\t\t<\/div>\n\t\t\t\t\t\t\t<\/div>\n\t\t<\/section>\n\t\t\t\t<section class=\"elementor-section elementor-top-section elementor-element elementor-element-78247b6 elementor-section-boxed elementor-section-height-default elementor-section-height-default\" data-id=\"78247b6\" data-element_type=\"section\" id=\"main-text-for-scroll\" data-settings=\"{&quot;background_background&quot;:&quot;classic&quot;}\">\n\t\t\t\t\t\t<div class=\"elementor-container elementor-column-gap-default\">\n\t\t\t\t\t<div class=\"elementor-column elementor-col-25 elementor-top-column elementor-element elementor-element-6de3531 elementor-hidden-mobile\" data-id=\"6de3531\" data-element_type=\"column\" data-settings=\"{&quot;background_background&quot;:&quot;classic&quot;}\">\n\t\t\t<div class=\"elementor-widget-wrap\">\n\t\t\t\t\t\t\t\t\t<\/div>\n\t\t<\/div>\n\t\t\t\t<div class=\"elementor-column elementor-col-50 elementor-top-column elementor-element elementor-element-3f74985\" data-id=\"3f74985\" data-element_type=\"column\">\n\t\t\t<div class=\"elementor-widget-wrap elementor-element-populated\">\n\t\t\t\t\t\t\t\t<div class=\"elementor-element elementor-element-105e52b elementor-widget elementor-widget-text-editor\" data-id=\"105e52b\" data-element_type=\"widget\" data-widget_type=\"text-editor.default\">\n\t\t\t\t<div class=\"elementor-widget-container\">\n\t\t\t\t\t\t\t<b>Die nachfolgende Rubrik<\/b> dieses Artikels widmet sich der <b>Myopie<\/b>  und speziell den Sekund\u00e4rerkankungen im Rahmen einer <b>hohen Myopie<\/b>. Die Pr\u00e4valenz der Myopie nimmt in einigen L\u00e4ndern wie in Asien stark zu. Problematisch ist vor allem die hohe Myopie mit einer Achsenl\u00e4nge des Augapfels von mehr als 26.5 mm. Krankhafte Zust\u00e4nde wie die myope Makulopathie und das Glaukom spielen eine wichtige Rolle. In Westeuropa ist die H\u00e4ufigkeit der Myopie bei jungen Erwachsenen bei ungef\u00e4hr 40 -60 %. Sch\u00e4tzungen zu Folge k\u00f6nnte es in 30 Jahren sein, dass die H\u00e4lfte aller Menschen myop sein wird und 10 % hochmyop. In Westeuropa ist die hohe Myopie mit 7-9% die Ursache einer schwerer Sehbehinderung oder Blindheit.<br><br>\nDer Zustand der <b>Myopie<\/b>  kann mit einigen unangenehmen Sekund\u00e4rerkrankungen und Zust\u00e4nden assoziiert sein, welche zu schwerem Sehverlust f\u00fchren k\u00f6nnen.<ul><br>\n<li>Myope Makulopathie ggf. mit Ausbildung von kranken Gef\u00e4ssen aus der Aderhaut oder eines Makulaloches<\/li>\n<li>Glaukomat\u00f6se Optikusneuropathie<\/li>\n<li>Linsentr\u00fcbung und hintere Schalentr\u00fcbung<\/li>\n<li>Erh\u00f6htes Risiko f\u00fcr das Auftreten eines Schielens (Heavy Eye Syndrom) <\/li>\n<li>Pathologien der peripheren Netzhaut, welche zur Netzhautabl\u00f6sung f\u00fchren k\u00f6nnen. <\/li><\/ul>\nDas Risiko von peripheren Netzhautdegenerationen steigt in Abh\u00e4ngigkeit mit der L\u00e4nge des Augapfels. Das Risiko von gittrigen Degenerationen der peripheren Netzhaut ist ca 15 % bei einer L\u00e4nge > 30 mm. Das j\u00e4hrliche Risiko eine Netzhautabl\u00f6sung zu erledigen ca. 10x h\u00f6her bei einer Myopie zwischen -3 und -6 Dioptrien. Das Risiko einer Netzhautabl\u00f6sung ist bei jungen myopen Patienten nach einem operativen Linsenaustausch am h\u00f6chsten. Das Risiko des Partnerauges eine Netzhautabl\u00f6sung zu erleiden ist ca. <b>100x<\/b>  h\u00f6her nach erlittener Netzhautabl\u00f6sung.\nWir bieten Ihnen unsere apparative und klinische Diagnostik zur Abkl\u00e4rung oben genannter Zust\u00e4nde an.<ul><br>\n<li>Insbesondere die Bildgebung mittels optischer Koh\u00e4renztomographie hat sich zur Diagnosestellung und Verlaufskontrolle von Erkrankungen der Makula und des Sehnervs bew\u00e4hrt. <\/li> \n<li>Ebenfalls unsere spezielle Untersuchung des Augenhintergrundes (Fundoskopie) in medikament\u00f6ser Pupillenerweiterung mit <b>Depression der Sklera<\/b>  beim liegenden Patienten ist aussergew\u00f6hnlich hilfreich, um kleinste Ver\u00e4nderungen der peripheren Netzhaut zu detektieren. <\/li><\/ul>\nDie spezielle Untersuchungsmethode richtet sich vor allem an Patienten<b> <ul><br>\n<li>Myopia Magna (Augenapfel >26.5mm oder ca. mehr als &#8211; 6 Dioptrien)<\/li>\n<li>Zustand nach Netzhautabl\u00f6sung unabh\u00e4ngig von der Refraktion <\/li>\n<li>Vor refraktiv-chirurgischen Eingriffen speziell LASIK<\/li><\/ul><\/b>\n\t\t\t\t\t\t<\/div>\n\t\t\t\t<\/div>\n\t\t\t\t\t<\/div>\n\t\t<\/div>\n\t\t\t\t<div class=\"elementor-column elementor-col-25 elementor-top-column elementor-element elementor-element-572b620 elementor-hidden-mobile\" data-id=\"572b620\" data-element_type=\"column\" data-settings=\"{&quot;background_background&quot;:&quot;classic&quot;}\">\n\t\t\t<div class=\"elementor-widget-wrap\">\n\t\t\t\t\t\t\t\t\t<\/div>\n\t\t<\/div>\n\t\t\t\t\t\t\t<\/div>\n\t\t<\/section>\n\t\t\t\t\t\t<\/div>\n\t\t\t\t\t<\/div>\n\t\t","protected":false},"excerpt":{"rendered":"<p>Die nachfolgende Rubrik dieses Artikels widmet sich der Myopie und speziell den Sekund\u00e4rerkankungen im Rahmen einer hohen Myopie. Die Pr\u00e4valenz<\/p>\n","protected":false},"author":1,"featured_media":0,"parent":0,"menu_order":0,"comment_status":"closed","ping_status":"closed","template":"elementor_header_footer","meta":[],"_links":{"self":[{"href":"https:\/\/augenarzt-kilchberg.ch\/index.php?rest_route=\/wp\/v2\/pages\/694"}],"collection":[{"href":"https:\/\/augenarzt-kilchberg.ch\/index.php?rest_route=\/wp\/v2\/pages"}],"about":[{"href":"https:\/\/augenarzt-kilchberg.ch\/index.php?rest_route=\/wp\/v2\/types\/page"}],"author":[{"embeddable":true,"href":"https:\/\/augenarzt-kilchberg.ch\/index.php?rest_route=\/wp\/v2\/users\/1"}],"replies":[{"embeddable":true,"href":"https:\/\/augenarzt-kilchberg.ch\/index.php?rest_route=%2Fwp%2Fv2%2Fcomments&post=694"}],"version-history":[{"count":49,"href":"https:\/\/augenarzt-kilchberg.ch\/index.php?rest_route=\/wp\/v2\/pages\/694\/revisions"}],"predecessor-version":[{"id":856,"href":"https:\/\/augenarzt-kilchberg.ch\/index.php?rest_route=\/wp\/v2\/pages\/694\/revisions\/856"}],"wp:attachment":[{"href":"https:\/\/augenarzt-kilchberg.ch\/index.php?rest_route=%2Fwp%2Fv2%2Fmedia&parent=694"}],"curies":[{"name":"wp","href":"https:\/\/api.w.org\/{rel}","templated":true}]}}