{"id":328,"date":"2021-10-14T13:17:20","date_gmt":"2021-10-14T13:17:20","guid":{"rendered":"http:\/\/augenarzt-kilchberg.ch\/?page_id=328"},"modified":"2021-10-27T12:42:38","modified_gmt":"2021-10-27T12:42:38","slug":"leistungen","status":"publish","type":"page","link":"https:\/\/augenarzt-kilchberg.ch\/?page_id=328","title":{"rendered":"LEISTUNGEN"},"content":{"rendered":"\t\t<div data-elementor-type=\"wp-page\" data-elementor-id=\"328\" class=\"elementor elementor-328\" data-elementor-settings=\"[]\">\n\t\t\t\t\t\t\t<div class=\"elementor-section-wrap\">\n\t\t\t\t\t\t\t<section class=\"elementor-section elementor-top-section elementor-element elementor-element-b3ec6b3 elementor-section-boxed elementor-section-height-default elementor-section-height-default\" data-id=\"b3ec6b3\" data-element_type=\"section\">\n\t\t\t\t\t\t<div class=\"elementor-container elementor-column-gap-default\">\n\t\t\t\t\t<div class=\"elementor-column elementor-col-100 elementor-top-column elementor-element elementor-element-a1ef1cb\" data-id=\"a1ef1cb\" data-element_type=\"column\">\n\t\t\t<div class=\"elementor-widget-wrap elementor-element-populated\">\n\t\t\t\t\t\t\t\t<div class=\"elementor-element elementor-element-d570878 elementor-fixed elementor-widget elementor-widget-image\" data-id=\"d570878\" data-element_type=\"widget\" data-settings=\"{&quot;_position&quot;:&quot;fixed&quot;}\" data-widget_type=\"image.default\">\n\t\t\t\t<div class=\"elementor-widget-container\">\n\t\t\t\t\t\t\t\t\t\t\t\t\t\t\t<img width=\"2560\" height=\"1307\" src=\"https:\/\/augenarzt-kilchberg.ch\/wp-content\/uploads\/2021\/10\/our_services_tiny-scaled.jpg\" class=\"attachment-full size-full\" alt=\"\" loading=\"lazy\" srcset=\"https:\/\/augenarzt-kilchberg.ch\/wp-content\/uploads\/2021\/10\/our_services_tiny-scaled.jpg 2560w, https:\/\/augenarzt-kilchberg.ch\/wp-content\/uploads\/2021\/10\/our_services_tiny-300x153.jpg 300w, https:\/\/augenarzt-kilchberg.ch\/wp-content\/uploads\/2021\/10\/our_services_tiny-1024x523.jpg 1024w, https:\/\/augenarzt-kilchberg.ch\/wp-content\/uploads\/2021\/10\/our_services_tiny-768x392.jpg 768w, https:\/\/augenarzt-kilchberg.ch\/wp-content\/uploads\/2021\/10\/our_services_tiny-1536x784.jpg 1536w, https:\/\/augenarzt-kilchberg.ch\/wp-content\/uploads\/2021\/10\/our_services_tiny-2048x1045.jpg 2048w\" sizes=\"(max-width: 2560px) 100vw, 2560px\" \/>\t\t\t\t\t\t\t\t\t\t\t\t\t\t\t<\/div>\n\t\t\t\t<\/div>\n\t\t\t\t\t<\/div>\n\t\t<\/div>\n\t\t\t\t\t\t\t<\/div>\n\t\t<\/section>\n\t\t\t\t<section class=\"elementor-section elementor-top-section elementor-element elementor-element-a328d2f elementor-section-boxed elementor-section-height-default elementor-section-height-default\" data-id=\"a328d2f\" data-element_type=\"section\" id=\"main-text-for-scroll\" data-settings=\"{&quot;background_background&quot;:&quot;classic&quot;}\">\n\t\t\t\t\t\t<div class=\"elementor-container elementor-column-gap-default\">\n\t\t\t\t\t<div class=\"elementor-column elementor-col-33 elementor-top-column elementor-element elementor-element-a59f12e elementor-hidden-mobile\" data-id=\"a59f12e\" data-element_type=\"column\" data-settings=\"{&quot;background_background&quot;:&quot;classic&quot;}\">\n\t\t\t<div class=\"elementor-widget-wrap\">\n\t\t\t\t\t\t\t\t\t<\/div>\n\t\t<\/div>\n\t\t\t\t<div class=\"elementor-column elementor-col-33 elementor-top-column elementor-element elementor-element-840b550\" data-id=\"840b550\" data-element_type=\"column\">\n\t\t\t<div class=\"elementor-widget-wrap elementor-element-populated\">\n\t\t\t\t\t\t\t\t<div class=\"elementor-element elementor-element-35f7808 elementor-widget elementor-widget-heading\" data-id=\"35f7808\" data-element_type=\"widget\" data-widget_type=\"heading.default\">\n\t\t\t\t<div class=\"elementor-widget-container\">\n\t\t\t<h2 class=\"elementor-heading-title elementor-size-large\">Diagnostik<\/h2>\t\t<\/div>\n\t\t\t\t<\/div>\n\t\t\t\t<div class=\"elementor-element elementor-element-c498589 elementor-widget elementor-widget-text-editor\" data-id=\"c498589\" data-element_type=\"widget\" data-widget_type=\"text-editor.default\">\n\t\t\t\t<div class=\"elementor-widget-container\">\n\t\t\t\t\t\t\tRefraktion und Brillenverordnung bei Erwachsenen<br>\nSchwierige Refraktionen mit und nach Zykloplegie bei Erwachsenen\n<br>\nGrunduntersuchung Kinderheilkunde und Neuroophthalmologie\n<br>\nBrillenverordnung bei Kindern\n<br>\nGrunduntersuchung grauer und gr\u00fcner Star\n<br>\nVerordnung von vergr\u00f6ssernden Sehhilfen nach MIGEL-Gegenstandskatalog\n<br>\nBiomikroskopische Untersuchung des vorderen und hinteren Augenabschnittes\n<br>\nAugendruckkontrolle inklusive Tagesdruckkurve und Untersuchung des Kammerwinkels\n<br>\nHornhauttopographie und Hornhautdickenmessung mittels Scheimpflugkamera\n<br>\nOptische Koh\u00e4renztomographie des vorderen Augenabschnites\n<br>\nOptische Koh\u00e4renztomographie der Makula \u201egelben Fleckes\u201c und des Sehnervenkopfes\n<br>\nMedical Retina\n<br>\nAngiographie mit optischer Koh\u00e4renztomographie als nichtinvasive Bildgebungstechnik\n<br>\nFundusfarbfotographie\n<br>\nStatische und kinetische Gesichtsfeldpr\u00fcfung\n<br>\nUntersuchung des trockenen Auges\n<br>\nAbkl\u00e4rungen von Sehst\u00f6rungen unklarer Genese\n<br>\nUntersuchung der Netzhautperipherie mit und ohne Skleradepression\n<br>\nUntersuchung h\u00e4ufiger Netzhauterkrankungen wie der altersbedingten Makuladegeneration\n<br>\nJahresuntersuchung im Rahmen von Grunderkrankungen wie Diabetes mellitus oder rheumatischen Erkrankungen\n<br>\nF\u00fchrerscheinuntersuchung\n<br>\nUntersuchung der Tr\u00e4nenwege inklusive Tr\u00e4nenwegssp\u00fclung\n<br>\nKeratokonus: Screening und Verlaufskontrollen\n<br>\nVerlaufskontrollen nach refraktiver Chirurgie zum Ausschluss einer Hornhautektasie\n<br>\nUntersuchung im Rahmen einer Zweitmeinung\n<br>\nSpezielle Beratung zur Auswahl von Intraokularlinsen (IOL)\n<br>\nBeratung refraktiv-chirurgischer Eingriffe\n<br>\nDiese Liste ist nicht abschliessend\t\t\t\t\t\t<\/div>\n\t\t\t\t<\/div>\n\t\t\t\t<div class=\"elementor-element elementor-element-852b59a elementor-widget elementor-widget-heading\" data-id=\"852b59a\" data-element_type=\"widget\" data-widget_type=\"heading.default\">\n\t\t\t\t<div class=\"elementor-widget-container\">\n\t\t\t<h2 class=\"elementor-heading-title elementor-size-large\">Behandlungen<\/h2>\t\t<\/div>\n\t\t\t\t<\/div>\n\t\t\t\t<div class=\"elementor-element elementor-element-3edc19a elementor-widget elementor-widget-text-editor\" data-id=\"3edc19a\" data-element_type=\"widget\" data-widget_type=\"text-editor.default\">\n\t\t\t\t<div class=\"elementor-widget-container\">\n\t\t\t\t\t\t\tGesamtes Spektrum der konservativen Augenheilkunde<br>Notf\u00e4lle wie Entz\u00fcndungen, Fremdk\u00f6rper, etc.<br>Operationen: Grauer Star (Katarakt), Pterygium, Chalazion, Intravitreale Injektionen von Medikamenten bei Netzhauterkrankungen z.B feuchte Makuladegeneration, Makula\u00f6dem bei diabetischer Retinopathie, Makula\u00f6dem im Rahmen eines retinalen Gef\u00e4ssverschlusses, Makula\u00f6dem im Rahmen einer nicht infekti\u00f6sen Uveitis posterior<br>Lidoperationen <br>Laserbehandlungen der Netzhaut, des Kammerwinkels, des Nachstars, der Regenbogenhaut\t\t\t\t\t\t<\/div>\n\t\t\t\t<\/div>\n\t\t\t\t\t<\/div>\n\t\t<\/div>\n\t\t\t\t<div class=\"elementor-column elementor-col-33 elementor-top-column elementor-element elementor-element-e760c98 elementor-hidden-mobile\" data-id=\"e760c98\" data-element_type=\"column\" data-settings=\"{&quot;background_background&quot;:&quot;classic&quot;}\">\n\t\t\t<div class=\"elementor-widget-wrap\">\n\t\t\t\t\t\t\t\t\t<\/div>\n\t\t<\/div>\n\t\t\t\t\t\t\t<\/div>\n\t\t<\/section>\n\t\t\t\t\t\t<\/div>\n\t\t\t\t\t<\/div>\n\t\t","protected":false},"excerpt":{"rendered":"<p>Diagnostik Refraktion und Brillenverordnung bei Erwachsenen Schwierige Refraktionen mit und nach Zykloplegie bei Erwachsenen Grunduntersuchung Kinderheilkunde und Neuroophthalmologie Brillenverordnung bei<\/p>\n","protected":false},"author":1,"featured_media":0,"parent":0,"menu_order":0,"comment_status":"closed","ping_status":"closed","template":"elementor_header_footer","meta":[],"_links":{"self":[{"href":"https:\/\/augenarzt-kilchberg.ch\/index.php?rest_route=\/wp\/v2\/pages\/328"}],"collection":[{"href":"https:\/\/augenarzt-kilchberg.ch\/index.php?rest_route=\/wp\/v2\/pages"}],"about":[{"href":"https:\/\/augenarzt-kilchberg.ch\/index.php?rest_route=\/wp\/v2\/types\/page"}],"author":[{"embeddable":true,"href":"https:\/\/augenarzt-kilchberg.ch\/index.php?rest_route=\/wp\/v2\/users\/1"}],"replies":[{"embeddable":true,"href":"https:\/\/augenarzt-kilchberg.ch\/index.php?rest_route=%2Fwp%2Fv2%2Fcomments&post=328"}],"version-history":[{"count":130,"href":"https:\/\/augenarzt-kilchberg.ch\/index.php?rest_route=\/wp\/v2\/pages\/328\/revisions"}],"predecessor-version":[{"id":832,"href":"https:\/\/augenarzt-kilchberg.ch\/index.php?rest_route=\/wp\/v2\/pages\/328\/revisions\/832"}],"wp:attachment":[{"href":"https:\/\/augenarzt-kilchberg.ch\/index.php?rest_route=%2Fwp%2Fv2%2Fmedia&parent=328"}],"curies":[{"name":"wp","href":"https:\/\/api.w.org\/{rel}","templated":true}]}}