{"id":270,"date":"2021-10-14T08:49:16","date_gmt":"2021-10-14T08:49:16","guid":{"rendered":"http:\/\/augenarzt-kilchberg.ch\/?page_id=270"},"modified":"2021-12-10T14:09:15","modified_gmt":"2021-12-10T14:09:15","slug":"unser-team","status":"publish","type":"page","link":"https:\/\/augenarzt-kilchberg.ch\/?page_id=270","title":{"rendered":"UNSER TEAM"},"content":{"rendered":"\t\t<div data-elementor-type=\"wp-page\" data-elementor-id=\"270\" class=\"elementor elementor-270\" data-elementor-settings=\"[]\">\n\t\t\t\t\t\t\t<div class=\"elementor-section-wrap\">\n\t\t\t\t\t\t\t<section class=\"elementor-section elementor-top-section elementor-element elementor-element-f978f38 elementor-section-boxed elementor-section-height-default elementor-section-height-default\" data-id=\"f978f38\" data-element_type=\"section\">\n\t\t\t\t\t\t<div class=\"elementor-container elementor-column-gap-default\">\n\t\t\t\t\t<div class=\"elementor-column elementor-col-100 elementor-top-column elementor-element elementor-element-d6a78e0\" data-id=\"d6a78e0\" data-element_type=\"column\">\n\t\t\t<div class=\"elementor-widget-wrap elementor-element-populated\">\n\t\t\t\t\t\t\t\t<div class=\"elementor-element elementor-element-6303f49 elementor-fixed elementor-widget elementor-widget-image\" data-id=\"6303f49\" data-element_type=\"widget\" data-settings=\"{&quot;_position&quot;:&quot;fixed&quot;}\" data-widget_type=\"image.default\">\n\t\t\t\t<div class=\"elementor-widget-container\">\n\t\t\t\t\t\t\t\t\t\t\t\t\t\t\t<img width=\"2560\" height=\"1307\" src=\"https:\/\/augenarzt-kilchberg.ch\/wp-content\/uploads\/2021\/10\/Hero_image_Unser_team_tiny-scaled.jpg\" class=\"attachment-full size-full\" alt=\"\" loading=\"lazy\" srcset=\"https:\/\/augenarzt-kilchberg.ch\/wp-content\/uploads\/2021\/10\/Hero_image_Unser_team_tiny-scaled.jpg 2560w, https:\/\/augenarzt-kilchberg.ch\/wp-content\/uploads\/2021\/10\/Hero_image_Unser_team_tiny-300x153.jpg 300w, https:\/\/augenarzt-kilchberg.ch\/wp-content\/uploads\/2021\/10\/Hero_image_Unser_team_tiny-1024x523.jpg 1024w, https:\/\/augenarzt-kilchberg.ch\/wp-content\/uploads\/2021\/10\/Hero_image_Unser_team_tiny-768x392.jpg 768w, https:\/\/augenarzt-kilchberg.ch\/wp-content\/uploads\/2021\/10\/Hero_image_Unser_team_tiny-1536x784.jpg 1536w, https:\/\/augenarzt-kilchberg.ch\/wp-content\/uploads\/2021\/10\/Hero_image_Unser_team_tiny-2048x1045.jpg 2048w\" sizes=\"(max-width: 2560px) 100vw, 2560px\" \/>\t\t\t\t\t\t\t\t\t\t\t\t\t\t\t<\/div>\n\t\t\t\t<\/div>\n\t\t\t\t\t<\/div>\n\t\t<\/div>\n\t\t\t\t\t\t\t<\/div>\n\t\t<\/section>\n\t\t\t\t<section class=\"elementor-section elementor-top-section elementor-element elementor-element-0dd6c3d elementor-section-boxed elementor-section-height-default elementor-section-height-default\" data-id=\"0dd6c3d\" data-element_type=\"section\" id=\"main-text-for-scroll\" data-settings=\"{&quot;background_background&quot;:&quot;classic&quot;}\">\n\t\t\t\t\t\t<div class=\"elementor-container elementor-column-gap-default\">\n\t\t\t\t\t<div class=\"elementor-column elementor-col-25 elementor-top-column elementor-element elementor-element-aed8283 elementor-hidden-mobile\" data-id=\"aed8283\" data-element_type=\"column\" data-settings=\"{&quot;background_background&quot;:&quot;classic&quot;}\">\n\t\t\t<div class=\"elementor-widget-wrap\">\n\t\t\t\t\t\t\t\t\t<\/div>\n\t\t<\/div>\n\t\t\t\t<div class=\"elementor-column elementor-col-50 elementor-top-column elementor-element elementor-element-d760b4e\" data-id=\"d760b4e\" data-element_type=\"column\">\n\t\t\t<div class=\"elementor-widget-wrap elementor-element-populated\">\n\t\t\t\t\t\t\t\t<div class=\"elementor-element elementor-element-008eff3 elementor-widget elementor-widget-text-editor\" data-id=\"008eff3\" data-element_type=\"widget\" data-widget_type=\"text-editor.default\">\n\t\t\t\t<div class=\"elementor-widget-container\">\n\t\t\t\t\t\t\t<p>Dr. med. Panagiotis Kouros studierte Humanmedizin an der Heinrich-Heine-Universit\u00e4t D\u00fcsseldorf (DE) und im Texas Heart Institute (USA) und legte im Jahr 2010 erfolgreich sein Staatsexamen ab. 2015 erwarb er den Doktortitel der Humanmedizin (Dr.med.) mit seiner Dissertationsarbeit \u00fcber die \u201ePeri- und postoperative Einflussfaktoren auf die 30-Tage-Mortalit\u00e4t nach offenoperativer Behandlung von thorakalen und thorakoabdominalen Aneurysmen\u201c von der gleichnamigen Universit\u00e4t.<\/p>\n<p>Seine augen\u00e4rztliche Ausbildung erwarb er in Deutschland und der Schweiz, in der renommierten Augenklinik und Stiftung M\u00fclheim an der Ruhr, sowie bei den Pallas Kliniken unter der Aufsicht vom Prof. Gerding. Er beende unter seiner Aufsicht seine Assistenzarztzeit und konnte ein fundiertes Wissen in der Augenheilkunde und speziell in der Medical Retina sammeln. Seit 2015 ist er Facharzt f\u00fcr Ophthalmologie. Er tr\u00e4gt nach bestandener europ\u00e4ischer Facharztpr\u00fcfung ebenfalls den Titel FEBO (Fellow of the European Board of Ophthalmology). <br>Es folgte eine viermonatiges Fellowship an der COFCA Clinica Oftalmologica del Caribe, um unter der Leitung von Dr. Escaf und Dr. Melo neben der Technik der Phakoemulsifikation, die Technik des Ultrachoppers bei der Kataraktchirurgie zu erlernen.<\/p>\n<p>Anschliessend bekleidete er eine ober\u00e4rztliche T\u00e4tigkeit an der renommierten ONO-Klinik im Standort Wallisellen. Hier absolvierte er seine fachspezifische ophthalmochirurgische Weiterbildung. Nach abgelegter Pr\u00fcfung im November 2018 in Bern tr\u00e4gt er seit 2019 den schweizerischen Schwerpunkttitel spez. Ophthalmochirurgie FMH.<br>Zu seinen Ausbildern geh\u00f6rten unter anderem Dr.med. J. Bovet, Dr. med. A. Psychias, Dr. med. Dominik J. Annen, Augenchirurgen mit Tausenden von erfolgreichen Augenoperationen und fundiertem Wissen in der Augenchirurgie. <\/p>\n<p>In dem Posten des medizinischen Standortleiters bei den Pallas Kliniken in Bern konnte er sein Wissen in der refraktiven Chirurgie vertiefen. Neben seiner Praxist\u00e4tigkeit ist Dr. Kouros als Oberarzt bei den Pallaskliniken t\u00e4tig, sowie Belegarzt im Bellevue-Medical Center. <\/p>\n<p>Dr. Kouros sammelte im Rahmen eines Stipendiums 2016 wertvolle klinische Erfahrungen im weltweit bekannten Moorfields Eye Hospital in London. Er besucht regelm\u00e4ssig nationale und internationale Weiterbildungen. Ausserdem legte er erfolgreich alle Steps des amerikanischen Staatsexamens ab (USMLE STEP 1, STEP 2 CS&amp;CK, USMLE STEP 3).<\/p>\t\t\t\t\t\t<\/div>\n\t\t\t\t<\/div>\n\t\t\t\t<div class=\"elementor-element elementor-element-b23c0da elementor-widget elementor-widget-image\" data-id=\"b23c0da\" data-element_type=\"widget\" data-widget_type=\"image.default\">\n\t\t\t\t<div class=\"elementor-widget-container\">\n\t\t\t\t\t\t\t\t\t\t\t\t\t\t\t<img width=\"892\" height=\"1292\" src=\"https:\/\/augenarzt-kilchberg.ch\/wp-content\/uploads\/2021\/10\/CV_ophtaLmolog.png\" class=\"attachment-full size-full\" alt=\"\" loading=\"lazy\" srcset=\"https:\/\/augenarzt-kilchberg.ch\/wp-content\/uploads\/2021\/10\/CV_ophtaLmolog.png 892w, https:\/\/augenarzt-kilchberg.ch\/wp-content\/uploads\/2021\/10\/CV_ophtaLmolog-207x300.png 207w, https:\/\/augenarzt-kilchberg.ch\/wp-content\/uploads\/2021\/10\/CV_ophtaLmolog-707x1024.png 707w, https:\/\/augenarzt-kilchberg.ch\/wp-content\/uploads\/2021\/10\/CV_ophtaLmolog-768x1112.png 768w\" sizes=\"(max-width: 892px) 100vw, 892px\" \/>\t\t\t\t\t\t\t\t\t\t\t\t\t\t\t<\/div>\n\t\t\t\t<\/div>\n\t\t\t\t<section class=\"elementor-section elementor-inner-section elementor-element elementor-element-08e88ed elementor-section-boxed elementor-section-height-default elementor-section-height-default\" data-id=\"08e88ed\" data-element_type=\"section\">\n\t\t\t\t\t\t<div class=\"elementor-container elementor-column-gap-default\">\n\t\t\t\t\t<div class=\"elementor-column elementor-col-50 elementor-inner-column elementor-element elementor-element-c498e36\" data-id=\"c498e36\" data-element_type=\"column\">\n\t\t\t<div class=\"elementor-widget-wrap elementor-element-populated\">\n\t\t\t\t\t\t\t\t<div class=\"elementor-element elementor-element-df4bcae elementor-widget elementor-widget-heading\" data-id=\"df4bcae\" data-element_type=\"widget\" data-widget_type=\"heading.default\">\n\t\t\t\t<div class=\"elementor-widget-container\">\n\t\t\t<h2 class=\"elementor-heading-title elementor-size-default\">CV Detailliert:<\/h2>\t\t<\/div>\n\t\t\t\t<\/div>\n\t\t\t\t\t<\/div>\n\t\t<\/div>\n\t\t\t\t<div class=\"elementor-column elementor-col-50 elementor-inner-column elementor-element elementor-element-a13c9ad\" data-id=\"a13c9ad\" data-element_type=\"column\">\n\t\t\t<div class=\"elementor-widget-wrap elementor-element-populated\">\n\t\t\t\t\t\t\t\t<div class=\"elementor-element elementor-element-67ab27a elementor-widget elementor-widget-html\" data-id=\"67ab27a\" data-element_type=\"widget\" data-widget_type=\"html.default\">\n\t\t\t\t<div class=\"elementor-widget-container\">\n\t\t\t<a href=\"http:\/\/augenarzt-kilchberg.ch\/wp-content\/uploads\/2021\/12\/CV-Dr.Kouros.pdf\" download>CV_detailiert_P.Kouros.pdf\r\n<\/a>\t\t<\/div>\n\t\t\t\t<\/div>\n\t\t\t\t\t<\/div>\n\t\t<\/div>\n\t\t\t\t\t\t\t<\/div>\n\t\t<\/section>\n\t\t\t\t<div class=\"elementor-element elementor-element-41e8f09 elementor-widget elementor-widget-image\" data-id=\"41e8f09\" data-element_type=\"widget\" data-widget_type=\"image.default\">\n\t\t\t\t<div class=\"elementor-widget-container\">\n\t\t\t\t\t\t\t\t\t\t\t\t\t\t\t<img width=\"1620\" height=\"938\" src=\"https:\/\/augenarzt-kilchberg.ch\/wp-content\/uploads\/2021\/10\/secretary_tiny.jpg\" class=\"attachment-full size-full\" alt=\"\" loading=\"lazy\" srcset=\"https:\/\/augenarzt-kilchberg.ch\/wp-content\/uploads\/2021\/10\/secretary_tiny.jpg 1620w, https:\/\/augenarzt-kilchberg.ch\/wp-content\/uploads\/2021\/10\/secretary_tiny-300x174.jpg 300w, https:\/\/augenarzt-kilchberg.ch\/wp-content\/uploads\/2021\/10\/secretary_tiny-1024x593.jpg 1024w, https:\/\/augenarzt-kilchberg.ch\/wp-content\/uploads\/2021\/10\/secretary_tiny-768x445.jpg 768w, https:\/\/augenarzt-kilchberg.ch\/wp-content\/uploads\/2021\/10\/secretary_tiny-1536x889.jpg 1536w\" sizes=\"(max-width: 1620px) 100vw, 1620px\" \/>\t\t\t\t\t\t\t\t\t\t\t\t\t\t\t<\/div>\n\t\t\t\t<\/div>\n\t\t\t\t<div class=\"elementor-element elementor-element-5490915 elementor-widget elementor-widget-heading\" data-id=\"5490915\" data-element_type=\"widget\" data-widget_type=\"heading.default\">\n\t\t\t\t<div class=\"elementor-widget-container\">\n\t\t\t<h2 class=\"elementor-heading-title elementor-size-large\">Sofia Sakotic<\/h2>\t\t<\/div>\n\t\t\t\t<\/div>\n\t\t\t\t<div class=\"elementor-element elementor-element-46b7d5e elementor-widget elementor-widget-text-editor\" data-id=\"46b7d5e\" data-element_type=\"widget\" data-widget_type=\"text-editor.default\">\n\t\t\t\t<div class=\"elementor-widget-container\">\n\t\t\t\t\t\t\tPraxismanagerin<br>Sprachen: Deutsch, Serbisch, Englisch\t\t\t\t\t\t<\/div>\n\t\t\t\t<\/div>\n\t\t\t\t\t<\/div>\n\t\t<\/div>\n\t\t\t\t<div class=\"elementor-column elementor-col-25 elementor-top-column elementor-element elementor-element-eef7d32 elementor-hidden-mobile\" data-id=\"eef7d32\" data-element_type=\"column\" data-settings=\"{&quot;background_background&quot;:&quot;classic&quot;}\">\n\t\t\t<div class=\"elementor-widget-wrap\">\n\t\t\t\t\t\t\t\t\t<\/div>\n\t\t<\/div>\n\t\t\t\t\t\t\t<\/div>\n\t\t<\/section>\n\t\t\t\t\t\t<\/div>\n\t\t\t\t\t<\/div>\n\t\t","protected":false},"excerpt":{"rendered":"<p>Dr. med. Panagiotis Kouros studierte Humanmedizin an der Heinrich-Heine-Universit\u00e4t D\u00fcsseldorf (DE) und im Texas Heart Institute (USA) und legte im<\/p>\n","protected":false},"author":1,"featured_media":0,"parent":0,"menu_order":0,"comment_status":"closed","ping_status":"closed","template":"elementor_header_footer","meta":[],"_links":{"self":[{"href":"https:\/\/augenarzt-kilchberg.ch\/index.php?rest_route=\/wp\/v2\/pages\/270"}],"collection":[{"href":"https:\/\/augenarzt-kilchberg.ch\/index.php?rest_route=\/wp\/v2\/pages"}],"about":[{"href":"https:\/\/augenarzt-kilchberg.ch\/index.php?rest_route=\/wp\/v2\/types\/page"}],"author":[{"embeddable":true,"href":"https:\/\/augenarzt-kilchberg.ch\/index.php?rest_route=\/wp\/v2\/users\/1"}],"replies":[{"embeddable":true,"href":"https:\/\/augenarzt-kilchberg.ch\/index.php?rest_route=%2Fwp%2Fv2%2Fcomments&post=270"}],"version-history":[{"count":88,"href":"https:\/\/augenarzt-kilchberg.ch\/index.php?rest_route=\/wp\/v2\/pages\/270\/revisions"}],"predecessor-version":[{"id":990,"href":"https:\/\/augenarzt-kilchberg.ch\/index.php?rest_route=\/wp\/v2\/pages\/270\/revisions\/990"}],"wp:attachment":[{"href":"https:\/\/augenarzt-kilchberg.ch\/index.php?rest_route=%2Fwp%2Fv2%2Fmedia&parent=270"}],"curies":[{"name":"wp","href":"https:\/\/api.w.org\/{rel}","templated":true}]}}